{"id":8,"date":"2018-10-25T13:42:52","date_gmt":"2018-10-25T13:42:52","guid":{"rendered":"http:\/\/localhost\/hotelTubarao\/?page_id=8"},"modified":"2024-09-02T19:24:11","modified_gmt":"2024-09-02T19:24:11","slug":"o-hotel","status":"publish","type":"page","link":"https:\/\/www.hoteltubarao.com.br\/index.php\/o-hotel\/","title":{"rendered":"O Hotel"},"content":{"rendered":"<p>Aliando o conforto de um hotel ao aconchego de uma pousada, o Hotel Tubar\u00e3o coloca \u00e0 sua disposi\u00e7\u00e3o servi\u00e7os qualificados e atenciosos, al\u00e9m de proporcionar uma estadia tranquila com tarifas reduzidas.<\/p>\n<p>No hotel Tubar\u00e3o voc\u00ea disp\u00f5e de recepcionistas prontos para lhe ajudar nas reservas e indica\u00e7\u00f5es dos melhores passeios, aluguel de carro, traslados e indica\u00e7\u00f5es de restaurantes e bares.<\/p>\n<p><strong>Al\u00e9m de tudo isso, sua di\u00e1ria ainda incluir\u00e1 um delicioso e variado caf\u00e9 da manh\u00e3 com:<\/strong><\/p>\n<ul>\n<li>P\u00e3es e bolos;<\/li>\n<li>Frutas da \u00e9poca;<\/li>\n<li>Tapioca e comidas t\u00edpicas;<\/li>\n<li>Ovo mexido, macaxeira, salsicha, calabresa;<\/li>\n<li>Sucos, leite, caf\u00e9 e iogurte;<\/li>\n<li>Cereais;<\/li>\n<li>Frios;<\/li>\n<\/ul>\n\n\t\t<style type=\"text\/css\">\n\t\t\t#gallery-1 {\n\t\t\t\tmargin: auto;\n\t\t\t}\n\t\t\t#gallery-1 .gallery-item {\n\t\t\t\tfloat: left;\n\t\t\t\tmargin-top: 10px;\n\t\t\t\ttext-align: center;\n\t\t\t\twidth: 16%;\n\t\t\t}\n\t\t\t#gallery-1 img {\n\t\t\t\tborder: 2px solid #cfcfcf;\n\t\t\t}\n\t\t\t#gallery-1 .gallery-caption {\n\t\t\t\tmargin-left: 0;\n\t\t\t}\n\t\t\t\/* see gallery_shortcode() in wp-includes\/media.php *\/\n\t\t<\/style>\n\t\t<div id='gallery-1' class='gallery galleryid-8 gallery-columns-6 gallery-size-thumbnail'><dl class='gallery-item'>\n\t\t\t<dt class='gallery-icon landscape'>\n\t\t\t\t<a href='https:\/\/www.hoteltubarao.com.br\/wp-content\/uploads\/2018\/10\/2-IMG_4172-ok-red-1.jpg'><img loading=\"lazy\" decoding=\"async\" width=\"150\" height=\"150\" src=\"https:\/\/www.hoteltubarao.com.br\/wp-content\/uploads\/2018\/10\/2-IMG_4172-ok-red-1-150x150.jpg\" class=\"attachment-thumbnail size-thumbnail\" alt=\"\" \/><\/a>\n\t\t\t<\/dt><\/dl><dl class='gallery-item'>\n\t\t\t<dt class='gallery-icon landscape'>\n\t\t\t\t<a href='https:\/\/www.hoteltubarao.com.br\/wp-content\/uploads\/2018\/10\/6-IMG_4219-ok-red-1.jpg'><img loading=\"lazy\" decoding=\"async\" width=\"150\" height=\"150\" src=\"https:\/\/www.hoteltubarao.com.br\/wp-content\/uploads\/2018\/10\/6-IMG_4219-ok-red-1-150x150.jpg\" class=\"attachment-thumbnail size-thumbnail\" alt=\"\" \/><\/a>\n\t\t\t<\/dt><\/dl><dl class='gallery-item'>\n\t\t\t<dt class='gallery-icon landscape'>\n\t\t\t\t<a href='https:\/\/www.hoteltubarao.com.br\/wp-content\/uploads\/2018\/10\/4-IMG_4187-ok-red-1.jpg'><img loading=\"lazy\" decoding=\"async\" width=\"150\" height=\"150\" src=\"https:\/\/www.hoteltubarao.com.br\/wp-content\/uploads\/2018\/10\/4-IMG_4187-ok-red-1-150x150.jpg\" class=\"attachment-thumbnail size-thumbnail\" alt=\"\" \/><\/a>\n\t\t\t<\/dt><\/dl><dl class='gallery-item'>\n\t\t\t<dt class='gallery-icon landscape'>\n\t\t\t\t<a href='https:\/\/www.hoteltubarao.com.br\/wp-content\/uploads\/2018\/10\/DSC06221-Editado.jpg'><img loading=\"lazy\" decoding=\"async\" width=\"150\" height=\"150\" src=\"https:\/\/www.hoteltubarao.com.br\/wp-content\/uploads\/2018\/10\/DSC06221-Editado-150x150.jpg\" class=\"attachment-thumbnail size-thumbnail\" alt=\"\" \/><\/a>\n\t\t\t<\/dt><\/dl>\n\t\t\t<br style='clear: both' \/>\n\t\t<\/div>\n\n<h3>Estrutura<\/h3>\n<p>Nossa estrutura \u00e9 composta por uma grande \u00e1rea verde; 20 apartamentos de frente para o jardim e piscina. Os apartamentos possuem um amplo banheiro, varanda com rede, ar-condicionado, frigobar, TV a cabo, telefone e Wi-Fi.<\/p>\n<ul>\n<li>Para quem vem de carro, contamos com um amplo estacionamento;<\/li>\n<li>Restaurante para caf\u00e9 da manh\u00e3 com variadas e deliciosas op\u00e7\u00f5es;<\/li>\n<li>Estacionamento privativo;<\/li>\n<li>WiFi;<\/li>\n<li>Piscina;<\/li>\n<li>Jardim e amplo sal\u00e3o aberto rodeado por uma bel\u00edssima \u00e1rea verde.<\/li>\n<\/ul>\n<h2 style=\"text-align: center;\">Galeria de Fotos<\/h2>\n\n\t\t<style type=\"text\/css\">\n\t\t\t#gallery-2 {\n\t\t\t\tmargin: auto;\n\t\t\t}\n\t\t\t#gallery-2 .gallery-item {\n\t\t\t\tfloat: left;\n\t\t\t\tmargin-top: 10px;\n\t\t\t\ttext-align: center;\n\t\t\t\twidth: 16%;\n\t\t\t}\n\t\t\t#gallery-2 img {\n\t\t\t\tborder: 2px solid #cfcfcf;\n\t\t\t}\n\t\t\t#gallery-2 .gallery-caption {\n\t\t\t\tmargin-left: 0;\n\t\t\t}\n\t\t\t\/* see gallery_shortcode() in wp-includes\/media.php *\/\n\t\t<\/style>\n\t\t<div id='gallery-2' class='gallery galleryid-8 gallery-columns-6 gallery-size-thumbnail'><dl class='gallery-item'>\n\t\t\t<dt class='gallery-icon landscape'>\n\t\t\t\t<a href='https:\/\/www.hoteltubarao.com.br\/wp-content\/uploads\/2018\/10\/12-IMG_4404-ok-red-1.jpg'><img loading=\"lazy\" decoding=\"async\" width=\"150\" height=\"150\" src=\"https:\/\/www.hoteltubarao.com.br\/wp-content\/uploads\/2018\/10\/12-IMG_4404-ok-red-1-150x150.jpg\" class=\"attachment-thumbnail size-thumbnail\" alt=\"\" \/><\/a>\n\t\t\t<\/dt><\/dl><dl class='gallery-item'>\n\t\t\t<dt class='gallery-icon landscape'>\n\t\t\t\t<a href='https:\/\/www.hoteltubarao.com.br\/wp-content\/uploads\/2018\/10\/DSC06251-Editado.jpg'><img loading=\"lazy\" decoding=\"async\" width=\"150\" height=\"150\" src=\"https:\/\/www.hoteltubarao.com.br\/wp-content\/uploads\/2018\/10\/DSC06251-Editado-150x150.jpg\" class=\"attachment-thumbnail size-thumbnail\" alt=\"\" \/><\/a>\n\t\t\t<\/dt><\/dl><dl class='gallery-item'>\n\t\t\t<dt class='gallery-icon landscape'>\n\t\t\t\t<a href='https:\/\/www.hoteltubarao.com.br\/wp-content\/uploads\/2018\/10\/DSC07151.jpg'><img loading=\"lazy\" decoding=\"async\" width=\"150\" height=\"150\" src=\"https:\/\/www.hoteltubarao.com.br\/wp-content\/uploads\/2018\/10\/DSC07151-150x150.jpg\" class=\"attachment-thumbnail size-thumbnail\" alt=\"\" \/><\/a>\n\t\t\t<\/dt><\/dl><dl class='gallery-item'>\n\t\t\t<dt class='gallery-icon landscape'>\n\t\t\t\t<a href='https:\/\/www.hoteltubarao.com.br\/wp-content\/uploads\/2018\/10\/DSC07153.jpg'><img loading=\"lazy\" decoding=\"async\" width=\"150\" height=\"150\" src=\"https:\/\/www.hoteltubarao.com.br\/wp-content\/uploads\/2018\/10\/DSC07153-150x150.jpg\" class=\"attachment-thumbnail size-thumbnail\" alt=\"\" \/><\/a>\n\t\t\t<\/dt><\/dl><dl class='gallery-item'>\n\t\t\t<dt class='gallery-icon landscape'>\n\t\t\t\t<a href='https:\/\/www.hoteltubarao.com.br\/wp-content\/uploads\/2018\/10\/DSC07162.jpg'><img loading=\"lazy\" decoding=\"async\" width=\"150\" height=\"150\" src=\"https:\/\/www.hoteltubarao.com.br\/wp-content\/uploads\/2018\/10\/DSC07162-150x150.jpg\" class=\"attachment-thumbnail size-thumbnail\" alt=\"\" \/><\/a>\n\t\t\t<\/dt><\/dl><dl class='gallery-item'>\n\t\t\t<dt class='gallery-icon landscape'>\n\t\t\t\t<a href='https:\/\/www.hoteltubarao.com.br\/wp-content\/uploads\/2018\/10\/DSC07172.jpg'><img loading=\"lazy\" decoding=\"async\" width=\"150\" height=\"150\" src=\"https:\/\/www.hoteltubarao.com.br\/wp-content\/uploads\/2018\/10\/DSC07172-150x150.jpg\" class=\"attachment-thumbnail size-thumbnail\" alt=\"\" \/><\/a>\n\t\t\t<\/dt><\/dl><br style=\"clear: both\" \/><dl class='gallery-item'>\n\t\t\t<dt class='gallery-icon landscape'>\n\t\t\t\t<a href='https:\/\/www.hoteltubarao.com.br\/wp-content\/uploads\/2018\/10\/DSC07232.jpg'><img loading=\"lazy\" decoding=\"async\" width=\"150\" height=\"150\" src=\"https:\/\/www.hoteltubarao.com.br\/wp-content\/uploads\/2018\/10\/DSC07232-150x150.jpg\" class=\"attachment-thumbnail size-thumbnail\" alt=\"\" \/><\/a>\n\t\t\t<\/dt><\/dl><dl class='gallery-item'>\n\t\t\t<dt class='gallery-icon landscape'>\n\t\t\t\t<a href='https:\/\/www.hoteltubarao.com.br\/wp-content\/uploads\/2018\/10\/DSC07222.jpg'><img loading=\"lazy\" decoding=\"async\" width=\"150\" height=\"150\" src=\"https:\/\/www.hoteltubarao.com.br\/wp-content\/uploads\/2018\/10\/DSC07222-150x150.jpg\" class=\"attachment-thumbnail size-thumbnail\" alt=\"\" \/><\/a>\n\t\t\t<\/dt><\/dl><dl class='gallery-item'>\n\t\t\t<dt class='gallery-icon landscape'>\n\t\t\t\t<a href='https:\/\/www.hoteltubarao.com.br\/wp-content\/uploads\/2018\/10\/DSC07240.jpg'><img loading=\"lazy\" decoding=\"async\" width=\"150\" height=\"150\" src=\"https:\/\/www.hoteltubarao.com.br\/wp-content\/uploads\/2018\/10\/DSC07240-150x150.jpg\" class=\"attachment-thumbnail size-thumbnail\" alt=\"\" \/><\/a>\n\t\t\t<\/dt><\/dl><dl class='gallery-item'>\n\t\t\t<dt class='gallery-icon landscape'>\n\t\t\t\t<a href='https:\/\/www.hoteltubarao.com.br\/wp-content\/uploads\/2018\/10\/DSC07241.jpg'><img loading=\"lazy\" decoding=\"async\" width=\"150\" height=\"150\" src=\"https:\/\/www.hoteltubarao.com.br\/wp-content\/uploads\/2018\/10\/DSC07241-150x150.jpg\" class=\"attachment-thumbnail size-thumbnail\" alt=\"\" \/><\/a>\n\t\t\t<\/dt><\/dl><dl class='gallery-item'>\n\t\t\t<dt class='gallery-icon landscape'>\n\t\t\t\t<a href='https:\/\/www.hoteltubarao.com.br\/wp-content\/uploads\/2018\/10\/DSC07258.jpg'><img loading=\"lazy\" decoding=\"async\" width=\"150\" height=\"150\" src=\"https:\/\/www.hoteltubarao.com.br\/wp-content\/uploads\/2018\/10\/DSC07258-150x150.jpg\" class=\"attachment-thumbnail size-thumbnail\" alt=\"\" \/><\/a>\n\t\t\t<\/dt><\/dl><dl class='gallery-item'>\n\t\t\t<dt class='gallery-icon landscape'>\n\t\t\t\t<a href='https:\/\/www.hoteltubarao.com.br\/wp-content\/uploads\/2018\/10\/DSC07306-1.jpg'><img loading=\"lazy\" decoding=\"async\" width=\"150\" height=\"150\" src=\"https:\/\/www.hoteltubarao.com.br\/wp-content\/uploads\/2018\/10\/DSC07306-1-150x150.jpg\" class=\"attachment-thumbnail size-thumbnail\" alt=\"\" \/><\/a>\n\t\t\t<\/dt><\/dl><br style=\"clear: both\" \/><dl class='gallery-item'>\n\t\t\t<dt class='gallery-icon landscape'>\n\t\t\t\t<a href='https:\/\/www.hoteltubarao.com.br\/wp-content\/uploads\/2018\/10\/DSC07294-1.jpg'><img loading=\"lazy\" decoding=\"async\" width=\"150\" height=\"150\" src=\"https:\/\/www.hoteltubarao.com.br\/wp-content\/uploads\/2018\/10\/DSC07294-1-150x150.jpg\" class=\"attachment-thumbnail size-thumbnail\" alt=\"\" \/><\/a>\n\t\t\t<\/dt><\/dl><dl class='gallery-item'>\n\t\t\t<dt class='gallery-icon landscape'>\n\t\t\t\t<a href='https:\/\/www.hoteltubarao.com.br\/wp-content\/uploads\/2018\/10\/DSC07310.jpg'><img loading=\"lazy\" decoding=\"async\" width=\"150\" height=\"150\" src=\"https:\/\/www.hoteltubarao.com.br\/wp-content\/uploads\/2018\/10\/DSC07310-150x150.jpg\" class=\"attachment-thumbnail size-thumbnail\" alt=\"\" \/><\/a>\n\t\t\t<\/dt><\/dl><dl class='gallery-item'>\n\t\t\t<dt class='gallery-icon landscape'>\n\t\t\t\t<a href='https:\/\/www.hoteltubarao.com.br\/wp-content\/uploads\/2018\/10\/e82486e1-2a69-4db0-a9e2-68644668a868-1.jpg'><img loading=\"lazy\" decoding=\"async\" width=\"150\" height=\"150\" src=\"https:\/\/www.hoteltubarao.com.br\/wp-content\/uploads\/2018\/10\/e82486e1-2a69-4db0-a9e2-68644668a868-1-150x150.jpg\" class=\"attachment-thumbnail size-thumbnail\" alt=\"\" \/><\/a>\n\t\t\t<\/dt><\/dl><dl class='gallery-item'>\n\t\t\t<dt class='gallery-icon landscape'>\n\t\t\t\t<a href='https:\/\/www.hoteltubarao.com.br\/wp-content\/uploads\/2018\/10\/GOPR0175-1.jpg'><img loading=\"lazy\" decoding=\"async\" width=\"150\" height=\"150\" src=\"https:\/\/www.hoteltubarao.com.br\/wp-content\/uploads\/2018\/10\/GOPR0175-1-150x150.jpg\" class=\"attachment-thumbnail size-thumbnail\" alt=\"\" \/><\/a>\n\t\t\t<\/dt><\/dl><dl class='gallery-item'>\n\t\t\t<dt class='gallery-icon portrait'>\n\t\t\t\t<a href='https:\/\/www.hoteltubarao.com.br\/wp-content\/uploads\/2018\/10\/DSC07260.jpg'><img loading=\"lazy\" decoding=\"async\" width=\"150\" height=\"150\" src=\"https:\/\/www.hoteltubarao.com.br\/wp-content\/uploads\/2018\/10\/DSC07260-150x150.jpg\" class=\"attachment-thumbnail size-thumbnail\" alt=\"\" \/><\/a>\n\t\t\t<\/dt><\/dl><dl class='gallery-item'>\n\t\t\t<dt class='gallery-icon portrait'>\n\t\t\t\t<a href='https:\/\/www.hoteltubarao.com.br\/wp-content\/uploads\/2018\/10\/4-IMG_4202-ok-red-1.jpg'><img loading=\"lazy\" decoding=\"async\" width=\"150\" height=\"150\" src=\"https:\/\/www.hoteltubarao.com.br\/wp-content\/uploads\/2018\/10\/4-IMG_4202-ok-red-1-150x150.jpg\" class=\"attachment-thumbnail size-thumbnail\" alt=\"\" \/><\/a>\n\t\t\t<\/dt><\/dl><br style=\"clear: both\" \/><dl class='gallery-item'>\n\t\t\t<dt class='gallery-icon portrait'>\n\t\t\t\t<a href='https:\/\/www.hoteltubarao.com.br\/wp-content\/uploads\/2018\/10\/14-IMG_4422-ok-red-2.jpg'><img loading=\"lazy\" decoding=\"async\" width=\"150\" height=\"150\" src=\"https:\/\/www.hoteltubarao.com.br\/wp-content\/uploads\/2018\/10\/14-IMG_4422-ok-red-2-150x150.jpg\" class=\"attachment-thumbnail size-thumbnail\" alt=\"\" \/><\/a>\n\t\t\t<\/dt><\/dl><dl class='gallery-item'>\n\t\t\t<dt class='gallery-icon portrait'>\n\t\t\t\t<a href='https:\/\/www.hoteltubarao.com.br\/wp-content\/uploads\/2018\/10\/f6673778-c46b-4242-8fea-13a13b763917-1.jpg'><img loading=\"lazy\" decoding=\"async\" width=\"150\" height=\"150\" src=\"https:\/\/www.hoteltubarao.com.br\/wp-content\/uploads\/2018\/10\/f6673778-c46b-4242-8fea-13a13b763917-1-150x150.jpg\" class=\"attachment-thumbnail size-thumbnail\" alt=\"\" \/><\/a>\n\t\t\t<\/dt><\/dl><dl class='gallery-item'>\n\t\t\t<dt class='gallery-icon landscape'>\n\t\t\t\t<a href='https:\/\/www.hoteltubarao.com.br\/wp-content\/uploads\/2018\/10\/t3-1.jpg'><img loading=\"lazy\" decoding=\"async\" width=\"150\" height=\"150\" src=\"https:\/\/www.hoteltubarao.com.br\/wp-content\/uploads\/2018\/10\/t3-1-150x150.jpg\" class=\"attachment-thumbnail size-thumbnail\" alt=\"\" \/><\/a>\n\t\t\t<\/dt><\/dl><dl class='gallery-item'>\n\t\t\t<dt class='gallery-icon landscape'>\n\t\t\t\t<a href='https:\/\/www.hoteltubarao.com.br\/wp-content\/uploads\/2018\/10\/IMG_5641.jpg'><img loading=\"lazy\" decoding=\"async\" width=\"150\" height=\"150\" src=\"https:\/\/www.hoteltubarao.com.br\/wp-content\/uploads\/2018\/10\/IMG_5641-150x150.jpg\" class=\"attachment-thumbnail size-thumbnail\" alt=\"\" \/><\/a>\n\t\t\t<\/dt><\/dl><dl class='gallery-item'>\n\t\t\t<dt class='gallery-icon landscape'>\n\t\t\t\t<a href='https:\/\/www.hoteltubarao.com.br\/wp-content\/uploads\/2018\/10\/IMG_5376-1.jpg'><img loading=\"lazy\" decoding=\"async\" width=\"150\" height=\"150\" src=\"https:\/\/www.hoteltubarao.com.br\/wp-content\/uploads\/2018\/10\/IMG_5376-1-150x150.jpg\" class=\"attachment-thumbnail size-thumbnail\" alt=\"\" \/><\/a>\n\t\t\t<\/dt><\/dl><dl class='gallery-item'>\n\t\t\t<dt class='gallery-icon portrait'>\n\t\t\t\t<a href='https:\/\/www.hoteltubarao.com.br\/wp-content\/uploads\/2018\/10\/IMG_5384-1.jpg'><img loading=\"lazy\" decoding=\"async\" width=\"150\" height=\"150\" src=\"https:\/\/www.hoteltubarao.com.br\/wp-content\/uploads\/2018\/10\/IMG_5384-1-150x150.jpg\" class=\"attachment-thumbnail size-thumbnail\" alt=\"\" \/><\/a>\n\t\t\t<\/dt><\/dl><br style=\"clear: both\" \/>\n\t\t<\/div>\n\n<h2 style=\"text-align: center;\">Veja a estrutura em 360 graus<\/h2>\n<h3>Tour 360 &#8211; \u00c1rea externa &#8211; Jardim<\/h3>\n<p><iframe loading=\"lazy\" style=\"border: 0;\" src=\"https:\/\/www.google.com\/maps\/embed?pb=!4v1540924195164!6m8!1m7!1sCAoSLEFGMVFpcE0tUy1NbGpkNDFoM2o3clRNYkJUWjFYbW96MkhQVUFqU1ZhbEEt!2m2!1d-5.8841988!2d-35.1708307!3f216.8665029152968!4f4.169816147095929!5f0.7820865974627469\" width=\"100%\" height=\"500\" frameborder=\"0\" allowfullscreen=\"allowfullscreen\"><span data-mce-type=\"bookmark\" style=\"display: inline-block; width: 0px; overflow: hidden; line-height: 0;\" class=\"mce_SELRES_start\">\ufeff<\/span><\/iframe><\/p>\n<h3>Tour 360 &#8211; Piscina<\/h3>\n<p><iframe loading=\"lazy\" style=\"border: 0;\" src=\"https:\/\/www.google.com\/maps\/embed?pb=!4v1540925424455!6m8!1m7!1sCAoSLEFGMVFpcE5CX1R0V1F2SVZ1RWpjZHJVMzlLMThEVExsSWRTR19QZE1QWlBX!2m2!1d-5.884232925966417!2d-35.17086904495955!3f283.0851194979078!4f0.18060004389194262!5f0.7820865974627469\" width=\"100%\" height=\"500\" frameborder=\"0\" allowfullscreen=\"allowfullscreen\"><span data-mce-type=\"bookmark\" style=\"display: inline-block; width: 0px; overflow: hidden; line-height: 0;\" class=\"mce_SELRES_start\">\ufeff<\/span><\/iframe><\/p>\n<h3>Tour 360 &#8211; Restaurante<\/h3>\n<p><iframe loading=\"lazy\" style=\"border: 0;\" src=\"https:\/\/www.google.com\/maps\/embed?pb=!4v1540925121960!6m8!1m7!1sCAoSLEFGMVFpcE5IZ1B0eUtYcXgtT3NocGpOR3FWazZ6LUJsQ1pyVnFQYWxVSnRh!2m2!1d-5.884121899999999!2d-35.1707588!3f295.3303086384485!4f-5.733729239286433!5f0.7820865974627469\" width=\"100%\" height=\"500\" frameborder=\"0\" allowfullscreen=\"allowfullscreen\"><span data-mce-type=\"bookmark\" style=\"display: inline-block; width: 0px; overflow: hidden; line-height: 0;\" class=\"mce_SELRES_start\">\ufeff<\/span><\/iframe><\/p>\n<h3>Tour 360 &#8211; Recep\u00e7\u00e3o<\/h3>\n<p><iframe loading=\"lazy\" style=\"border: 0;\" src=\"https:\/\/www.google.com\/maps\/embed?pb=!4v1540925228782!6m8!1m7!1sCAoSLEFGMVFpcE83ZV9HdzlSYnd4RTNQN3FiTjZsTFpTRVZPQzFDRHVkSVB2Q3Y4!2m2!1d-5.88435732502557!2d-35.17085362225771!3f328.57067573621185!4f-16.59872354119055!5f0.4000000000000002\" width=\"100%\" height=\"500\" frameborder=\"0\" allowfullscreen=\"allowfullscreen\"><span data-mce-type=\"bookmark\" style=\"display: inline-block; width: 0px; overflow: hidden; line-height: 0;\" class=\"mce_SELRES_start\">\ufeff<\/span><\/iframe><\/p>\n<h3>Tour 360 &#8211; Estacionamento<\/h3>\n<p><iframe loading=\"lazy\" style=\"border: 0;\" src=\"https:\/\/www.google.com\/maps\/embed?pb=!4v1540925299545!6m8!1m7!1slqAW6fsaEApjj3O0lmMXfA!2m2!1d-5.884405000767589!2d-35.17088055665153!3f214.59109271483342!4f-4.0028263246396705!5f1.7551677498254743\" width=\"100%\" height=\"500\" frameborder=\"0\" allowfullscreen=\"allowfullscreen\"><span data-mce-type=\"bookmark\" style=\"display: inline-block; width: 0px; overflow: hidden; line-height: 0;\" class=\"mce_SELRES_start\">\ufeff<\/span><\/iframe><\/p>\n<h3>Servi\u00e7os<\/h3>\n<ul>\n<li>Reserva de passeios e restaurantes com traslados.<\/li>\n<\/ul>\n<h3>Dist\u00e2ncias<\/h3>\n<p>Estamos a 400 metros da praia de Ponta Negra e seu cart\u00e3o postal, o Morro do Careca, a 1Km do Centro de Conven\u00e7\u00f5es de Natal e, ainda, pr\u00f3ximo aos restaurantes, badaladas casas de shows e agitos dos bares.<\/p>\n<ul>\n<li>Shopping do Artesanato: 1,2 km;<\/li>\n<li>Shopping Cidade Jardim: 1,4 km;<\/li>\n<li>Morro do Careca: 1,2 km;<\/li>\n<li>Centro de Conven\u00e7\u00f5es de Natal: 2,6 km;<\/li>\n<li>Shopping Via Direta: 6 km;<\/li>\n<li>Est\u00e1tua dos Reis Magos: 5,6 km;<\/li>\n<li>Arena das Dunas: 7,6 km;<\/li>\n<li>Mercado de Artesanato da Praia do Meio: 11,5 km;<\/li>\n<li>Maior Cajueiro do Mundo: 11,6 km;<\/li>\n<li>Forte dos Reis Magos: 14 km;<\/li>\n<li>Aeroporto Internacional de S\u00e3o Gon\u00e7alo do Amarante: 25,8 km.<\/li>\n<\/ul>\n<hr \/>\n<h3>Condi\u00e7\u00f5es de Reserva:<\/h3>\n<ul>\n<li>As di\u00e1rias iniciam \u00e0s 14h (check-in) e se encerram \u00e0s 12h (check-out);<\/li>\n<li>Para garantia de reserva, solicitamos antecipa\u00e7\u00e3o de 50% do valor total da estadia. Faremos uma pr\u00e9 reserva e lhe enviaremos por e-mail os dados banc\u00e1rios para\u00a0confirma\u00e7\u00e3o do pagamento. O valor restante ser\u00e1 pago diretamente no hotel no momento do check-in;<\/li>\n<li>Caf\u00e9 da manh\u00e3 completo, incluso na di\u00e1ria;<\/li>\n<li>Cortesia para 1 crian\u00e7a de at\u00e9 2 anos, na mesma su\u00edte dos pais ou respons\u00e1veis. Necess\u00e1rio apresenta\u00e7\u00e3o da documenta\u00e7\u00e3o no momento do check-in;<\/li>\n<li>Consulte-nos sobre tarifas especiais para grupos e excurs\u00f5es;<\/li>\n<li>Formas de pagamento: Visa \/ Visa Electron \/ Mastercad \/ Maestro \/ Dinners\/ American Express \/ Cielo \/ Dep\u00f3sito Banc\u00e1rio;<\/li>\n<li>N\u00e3o aceitamos cheques.<\/li>\n<\/ul>\n","protected":false},"excerpt":{"rendered":"<p>Aliando o conforto de um hotel ao aconchego de uma pousada, o Hotel Tubar\u00e3o coloca \u00e0 sua disposi\u00e7\u00e3o servi\u00e7os qualificados e atenciosos, al\u00e9m de proporcionar uma estadia tranquila com tarifas reduzidas. No hotel Tubar\u00e3o voc\u00ea disp\u00f5e de recepcionistas prontos para lhe ajudar nas reservas e indica\u00e7\u00f5es dos melhores passeios, aluguel de carro, traslados e indica\u00e7\u00f5es [&hellip;]<\/p>\n","protected":false},"author":1,"featured_media":169,"parent":0,"menu_order":0,"comment_status":"closed","ping_status":"closed","template":"","meta":{"_acf_changed":false,"_exactmetrics_skip_tracking":false,"_exactmetrics_sitenote_active":false,"_exactmetrics_sitenote_note":"","_exactmetrics_sitenote_category":0,"footnotes":""},"acf":[],"_links":{"self":[{"href":"https:\/\/www.hoteltubarao.com.br\/index.php\/wp-json\/wp\/v2\/pages\/8"}],"collection":[{"href":"https:\/\/www.hoteltubarao.com.br\/index.php\/wp-json\/wp\/v2\/pages"}],"about":[{"href":"https:\/\/www.hoteltubarao.com.br\/index.php\/wp-json\/wp\/v2\/types\/page"}],"author":[{"embeddable":true,"href":"https:\/\/www.hoteltubarao.com.br\/index.php\/wp-json\/wp\/v2\/users\/1"}],"replies":[{"embeddable":true,"href":"https:\/\/www.hoteltubarao.com.br\/index.php\/wp-json\/wp\/v2\/comments?post=8"}],"version-history":[{"count":50,"href":"https:\/\/www.hoteltubarao.com.br\/index.php\/wp-json\/wp\/v2\/pages\/8\/revisions"}],"predecessor-version":[{"id":317,"href":"https:\/\/www.hoteltubarao.com.br\/index.php\/wp-json\/wp\/v2\/pages\/8\/revisions\/317"}],"wp:featuredmedia":[{"embeddable":true,"href":"https:\/\/www.hoteltubarao.com.br\/index.php\/wp-json\/wp\/v2\/media\/169"}],"wp:attachment":[{"href":"https:\/\/www.hoteltubarao.com.br\/index.php\/wp-json\/wp\/v2\/media?parent=8"}],"curies":[{"name":"wp","href":"https:\/\/api.w.org\/{rel}","templated":true}]}}